{"id":312,"date":"2023-07-17T08:25:45","date_gmt":"2023-07-17T08:25:45","guid":{"rendered":"https:\/\/vivianalugnan.com\/?page_id=312"},"modified":"2023-08-14T12:48:26","modified_gmt":"2023-08-14T12:48:26","slug":"impressum","status":"publish","type":"page","link":"https:\/\/vivianalugnan.com\/it\/impressum\/","title":{"rendered":"Impressum"},"content":{"rendered":"<div data-elementor-type=\"wp-page\" data-elementor-id=\"312\" class=\"elementor elementor-312\">\n\t\t\t\t<div class=\"elementor-element elementor-element-65765da e-flex e-con-boxed jltma-glass-effect-no e-con e-parent\" data-id=\"65765da\" data-element_type=\"container\" data-e-type=\"container\" data-settings=\"{&quot;background_background&quot;:&quot;classic&quot;}\">\n\t\t\t\t\t<div class=\"e-con-inner\">\n\t\t<div class=\"elementor-element elementor-element-138c8d9 e-con-full e-flex jltma-glass-effect-no e-con e-child\" data-id=\"138c8d9\" data-element_type=\"container\" data-e-type=\"container\">\n\t\t\t\t<div class=\"elementor-element elementor-element-de285b5 elementor-widget__width-inherit jltma-glass-effect-no elementor-invisible elementor-widget elementor-widget-heading\" data-id=\"de285b5\" data-element_type=\"widget\" data-e-type=\"widget\" data-settings=\"{&quot;_animation&quot;:&quot;fadeInUp&quot;}\" data-widget_type=\"heading.default\">\n\t\t\t\t<div class=\"elementor-widget-container\">\n\t\t\t\t\t<h2 class=\"elementor-heading-title elementor-size-default\">Impressum<\/h2>\t\t\t\t<\/div>\n\t\t\t\t<\/div>\n\t\t\t\t<\/div>\n\t\t<div class=\"elementor-element elementor-element-6f79f54 e-con-full e-flex jltma-glass-effect-no e-con e-child\" data-id=\"6f79f54\" data-element_type=\"container\" data-e-type=\"container\">\n\t\t\t\t<\/div>\n\t\t\t\t\t<\/div>\n\t\t\t\t<\/div>\n\t\t<div class=\"elementor-element elementor-element-53270c0 e-flex e-con-boxed jltma-glass-effect-no e-con e-parent\" data-id=\"53270c0\" data-element_type=\"container\" data-e-type=\"container\" data-settings=\"{&quot;background_background&quot;:&quot;classic&quot;}\">\n\t\t\t\t\t<div class=\"e-con-inner\">\n\t\t<div class=\"elementor-element elementor-element-18f42f0 e-flex e-con-boxed jltma-glass-effect-no e-con e-child\" data-id=\"18f42f0\" data-element_type=\"container\" data-e-type=\"container\" data-settings=\"{&quot;background_background&quot;:&quot;classic&quot;}\">\n\t\t\t\t\t<div class=\"e-con-inner\">\n\t\t<div class=\"elementor-element elementor-element-8fcc428 e-con-full e-flex jltma-glass-effect-no e-con e-child\" data-id=\"8fcc428\" data-element_type=\"container\" data-e-type=\"container\">\n\t\t\t\t<div class=\"elementor-element elementor-element-ff5eeb4 jltma-glass-effect-no elementor-widget elementor-widget-heading\" data-id=\"ff5eeb4\" data-element_type=\"widget\" data-e-type=\"widget\" data-widget_type=\"heading.default\">\n\t\t\t\t<div class=\"elementor-widget-container\">\n\t\t\t\t\t<h4 class=\"elementor-heading-title elementor-size-default\">Informazioni:<\/h4>\t\t\t\t<\/div>\n\t\t\t\t<\/div>\n\t\t\t\t<div class=\"elementor-element elementor-element-c6f9ad6 jltma-glass-effect-no elementor-widget elementor-widget-text-editor\" data-id=\"c6f9ad6\" data-element_type=\"widget\" data-e-type=\"widget\" data-widget_type=\"text-editor.default\">\n\t\t\t\t<div class=\"elementor-widget-container\">\n\t\t\t\t\t\t\t\t\t<p>Dati secondo l'art. 5 del TMG (Legge tedesca sui media):<\/p><p>\u00a0<\/p><p><strong style=\"color: #f7838d;\">Viviana Lugnan<\/strong><\/p><p>Amalienstra\u00dfe 71, RGB 2, 80799 Monaco di Baviera, Germania<\/p><p>Nr. di Partita Iva (Umsatzsteuer-Identifikationsnummer gem\u00e4\u00df \u00a727 a Umsatzsteuergesetz): DE361786150<\/p><p>St-Nr.: 145\/184\/20594<\/p>\t\t\t\t\t\t\t\t<\/div>\n\t\t\t\t<\/div>\n\t\t\t\t<div class=\"elementor-element elementor-element-183d8e4 jltma-glass-effect-no elementor-widget elementor-widget-heading\" data-id=\"183d8e4\" data-element_type=\"widget\" data-e-type=\"widget\" data-widget_type=\"heading.default\">\n\t\t\t\t<div class=\"elementor-widget-container\">\n\t\t\t\t\t<h4 class=\"elementor-heading-title elementor-size-default\">CONTATTI:<\/h4>\t\t\t\t<\/div>\n\t\t\t\t<\/div>\n\t\t\t\t<div class=\"elementor-element elementor-element-4b56072 jltma-glass-effect-no elementor-widget elementor-widget-text-editor\" data-id=\"4b56072\" data-element_type=\"widget\" data-e-type=\"widget\" data-widget_type=\"text-editor.default\">\n\t\t\t\t<div class=\"elementor-widget-container\">\n\t\t\t\t\t\t\t\t\t<p>Telefono: a richiesta<\/p><p>E-Mail: hello@vivianalugnan.com<\/p><p class=\"translation-block\">Sito web: <a href=\"https:\/\/vivianalugnan.com\/it\/\" target=\"_self\">www.vivianalugnan.com<\/a><\/p><p>Responsabile del contenuto ai sensi dell'articolo 55 par. 2 del RStV (Trattato nazionale tedesco sulle emittenti radiotelevisive)<\/p><p>Viviana Lugnan<\/p><p>Amalienstra\u00dfe 71, RGB 2, 80799 Monaco di Baviera, Germania<\/p><p>Photocredits: <a style=\"color: #f7838d;\" href=\"https:\/\/maurogrigollo.com\/\">\u00a0Mauro Grigollo<\/a><\/p>\t\t\t\t\t\t\t\t<\/div>\n\t\t\t\t<\/div>\n\t\t\t\t<div class=\"elementor-element elementor-element-173c3c1 jltma-glass-effect-no elementor-widget elementor-widget-heading\" data-id=\"173c3c1\" data-element_type=\"widget\" data-e-type=\"widget\" data-widget_type=\"heading.default\">\n\t\t\t\t<div class=\"elementor-widget-container\">\n\t\t\t\t\t<h4 class=\"elementor-heading-title elementor-size-default\">Disclaimer:<\/h4>\t\t\t\t<\/div>\n\t\t\t\t<\/div>\n\t\t\t\t<div class=\"elementor-element elementor-element-ea960e4 jltma-glass-effect-no elementor-widget elementor-widget-heading\" data-id=\"ea960e4\" data-element_type=\"widget\" data-e-type=\"widget\" data-widget_type=\"heading.default\">\n\t\t\t\t<div class=\"elementor-widget-container\">\n\t\t\t\t\t<h4 class=\"elementor-heading-title elementor-size-default\">RESPONSABILIT\u00c0 PER I CONTENUTI:<\/h4>\t\t\t\t<\/div>\n\t\t\t\t<\/div>\n\t\t\t\t<div class=\"elementor-element elementor-element-d955cad jltma-glass-effect-no elementor-widget elementor-widget-text-editor\" data-id=\"d955cad\" data-element_type=\"widget\" data-e-type=\"widget\" data-widget_type=\"text-editor.default\">\n\t\t\t\t<div class=\"elementor-widget-container\">\n\t\t\t\t\t\t\t\t\t<p>Come fornitore di servizi siamo responsabili ai sensi dell'art. 7 par. 1 TMG per i contenuti di queste pagine. Ai sensi degli artt. da 8 a 10 del TMG, non siamo obbligati come fornitori di servizi a controllare le informazioni trasmesse o memorizzate da terzi o a indagare su circostanze che indicano un'attivit\u00e0 illegale.<\/p><p>Resta in essere l'obbligo di rimuovere o bloccare l'uso delle informazioni in conformit\u00e0 alle leggi generali. Tuttavia, la responsabilit\u00e0 a tale riguardo \u00e8 possibile solo a partire dal momento in cui si viene a conoscenza di una violazione concreta della legge. Se veniamo a conoscenza di tali violazioni, elimineremo immediatamente i contenuti in questione.<\/p>\t\t\t\t\t\t\t\t<\/div>\n\t\t\t\t<\/div>\n\t\t\t\t<div class=\"elementor-element elementor-element-9b46c90 jltma-glass-effect-no elementor-widget elementor-widget-heading\" data-id=\"9b46c90\" data-element_type=\"widget\" data-e-type=\"widget\" data-widget_type=\"heading.default\">\n\t\t\t\t<div class=\"elementor-widget-container\">\n\t\t\t\t\t<h4 class=\"elementor-heading-title elementor-size-default\">RESPONSABILIT\u00c0 PER I LINK:<\/h4>\t\t\t\t<\/div>\n\t\t\t\t<\/div>\n\t\t\t\t<div class=\"elementor-element elementor-element-8d7a23f jltma-glass-effect-no elementor-widget elementor-widget-text-editor\" data-id=\"8d7a23f\" data-element_type=\"widget\" data-e-type=\"widget\" data-widget_type=\"text-editor.default\">\n\t\t\t\t<div class=\"elementor-widget-container\">\n\t\t\t\t\t\t\t\t\t<p>La nostra offerta contiene link a siti web esterni di terzi, sui cui contenuti non abbiamo alcuna influenza. Pertanto, non possiamo assumerci alcuna responsabilit\u00e0 per questi contenuti esterni. Il rispettivo fornitore o gestore dei siti \u00e8 sempre responsabile del contenuto dei siti collegati. Le pagine collegate sono state controllate per verificare la presenza di eventuali violazioni di legge al momento del collegamento. Al momento del collegamento non sono stati individuati contenuti illegali.<\/p><p>Tuttavia, un controllo permanente dei contenuti delle pagine collegate non \u00e8 ragionevole senza prove concrete di una violazione della legge. Se veniamo a conoscenza di tali violazioni, elimineremo immediatamente i link in questione.<\/p>\t\t\t\t\t\t\t\t<\/div>\n\t\t\t\t<\/div>\n\t\t\t\t<div class=\"elementor-element elementor-element-de2298d jltma-glass-effect-no elementor-widget elementor-widget-heading\" data-id=\"de2298d\" data-element_type=\"widget\" data-e-type=\"widget\" data-widget_type=\"heading.default\">\n\t\t\t\t<div class=\"elementor-widget-container\">\n\t\t\t\t\t<h4 class=\"elementor-heading-title elementor-size-default\">DIRITTO D'AUTORE:<\/h4>\t\t\t\t<\/div>\n\t\t\t\t<\/div>\n\t\t\t\t<div class=\"elementor-element elementor-element-5aa46af jltma-glass-effect-no elementor-widget elementor-widget-text-editor\" data-id=\"5aa46af\" data-element_type=\"widget\" data-e-type=\"widget\" data-widget_type=\"text-editor.default\">\n\t\t\t\t<div class=\"elementor-widget-container\">\n\t\t\t\t\t\t\t\t\t<p>I contenuti e le opere presenti su queste pagine create dai gestori del sito sono soggetti al diritto d'autore tedesco. La duplicazione, l'elaborazione, la distribuzione e qualsiasi forma di utilizzo di tale materiale al di fuori dell'ambito della legge sul diritto d'autore richiede il previo consenso scritto del rispettivo autore o creatore. Il download e le copie di queste pagine sono consentiti solo per uso privato e non commerciale.<\/p><p>Nella misura in cui i contenuti di questo sito non sono stati creati dal gestore, vengono rispettati i diritti d'autore di terzi. In particolare, i contenuti di terzi sono contrassegnati come tali. Qualora venisse comunque a conoscenza di una violazione del diritto d'autore, La preghiamo di informarci di conseguenza. Se veniamo a conoscenza di tali violazioni, elimineremo immediatamente i contenuti in questione.<\/p>\t\t\t\t\t\t\t\t<\/div>\n\t\t\t\t<\/div>\n\t\t\t\t<\/div>\n\t\t\t\t\t<\/div>\n\t\t\t\t<\/div>\n\t\t\t\t\t<\/div>\n\t\t\t\t<\/div>\n\t\t\t\t<\/div>","protected":false},"excerpt":{"rendered":"<p>Impressum Here is the information: ACCORDING TO \u00a7 5 TMG: \u00a0 Viviana Lugnan Amalienstra\u00dfe 71, RGB 2, 80799 Munich, Germany VAT Registration No (Umsatzsteuer-Identifikationsnummer gem\u00e4\u00df \u00a727 a Umsatzsteuergesetz): DE361786150 St-Nr.: 145\/184\/20594 CONTACT: Phone: on request E-Mail: hello@vivianalugnan.com Website: www.vivianalugnan.com Responsible for the content according to \u00a7 55 Abs. 2 RStV: Viviana Lugnan Amalienstra\u00dfe 71, RGB&hellip; <a class=\"more-link\" href=\"https:\/\/vivianalugnan.com\/it\/impressum\/\">Continua a leggere <span class=\"screen-reader-text\">Impressum<\/span><\/a><\/p>","protected":false},"author":4,"featured_media":0,"parent":0,"menu_order":0,"comment_status":"closed","ping_status":"closed","template":"elementor_header_footer","meta":{"nf_dc_page":"","_monsterinsights_skip_tracking":false,"_monsterinsights_sitenote_active":false,"_monsterinsights_sitenote_note":"","_monsterinsights_sitenote_category":0,"footnotes":""},"class_list":["post-312","page","type-page","status-publish","hentry","entry"],"yoast_head":"<!-- This site is optimized with the Yoast SEO plugin v27.4 - https:\/\/yoast.com\/product\/yoast-seo-wordpress\/ -->\n<title>Impressum - Viviana Lugnan<\/title>\n<meta name=\"robots\" content=\"index, follow, max-snippet:-1, max-image-preview:large, max-video-preview:-1\" \/>\n<link rel=\"canonical\" href=\"https:\/\/vivianalugnan.com\/it\/impressum\/\" \/>\n<meta property=\"og:locale\" content=\"it_IT\" \/>\n<meta property=\"og:type\" content=\"article\" \/>\n<meta property=\"og:title\" content=\"Impressum - Viviana Lugnan\" \/>\n<meta property=\"og:description\" content=\"Impressum Here is the information: ACCORDING TO \u00a7 5 TMG: \u00a0 Viviana Lugnan Amalienstra\u00dfe 71, RGB 2, 80799 Munich, Germany VAT Registration No (Umsatzsteuer-Identifikationsnummer gem\u00e4\u00df \u00a727 a Umsatzsteuergesetz): DE361786150 St-Nr.: 145\/184\/20594 CONTACT: Phone: on request E-Mail: hello@vivianalugnan.com Website: www.vivianalugnan.com Responsible for the content according to \u00a7 55 Abs. 2 RStV: Viviana Lugnan Amalienstra\u00dfe 71, RGB&hellip; Continua a leggere Impressum\" \/>\n<meta property=\"og:url\" content=\"https:\/\/vivianalugnan.com\/it\/impressum\/\" \/>\n<meta property=\"og:site_name\" content=\"Viviana Lugnan\" \/>\n<meta property=\"article:modified_time\" content=\"2023-08-14T12:48:26+00:00\" \/>\n<meta name=\"twitter:card\" content=\"summary_large_image\" \/>\n<meta name=\"twitter:label1\" content=\"Tempo di lettura stimato\" \/>\n\t<meta name=\"twitter:data1\" content=\"2 minuti\" \/>\n<script type=\"application\/ld+json\" class=\"yoast-schema-graph\">{\"@context\":\"https:\\\/\\\/schema.org\",\"@graph\":[{\"@type\":\"WebPage\",\"@id\":\"https:\\\/\\\/vivianalugnan.com\\\/impressum\\\/\",\"url\":\"https:\\\/\\\/vivianalugnan.com\\\/impressum\\\/\",\"name\":\"Impressum - Viviana Lugnan\",\"isPartOf\":{\"@id\":\"https:\\\/\\\/ebs.nyt.mybluehost.me\\\/#website\"},\"datePublished\":\"2023-07-17T08:25:45+00:00\",\"dateModified\":\"2023-08-14T12:48:26+00:00\",\"breadcrumb\":{\"@id\":\"https:\\\/\\\/vivianalugnan.com\\\/impressum\\\/#breadcrumb\"},\"inLanguage\":\"it-IT\",\"potentialAction\":[{\"@type\":\"ReadAction\",\"target\":[\"https:\\\/\\\/vivianalugnan.com\\\/impressum\\\/\"]}]},{\"@type\":\"BreadcrumbList\",\"@id\":\"https:\\\/\\\/vivianalugnan.com\\\/impressum\\\/#breadcrumb\",\"itemListElement\":[{\"@type\":\"ListItem\",\"position\":1,\"name\":\"Home\",\"item\":\"https:\\\/\\\/vivianalugnan.com\\\/\"},{\"@type\":\"ListItem\",\"position\":2,\"name\":\"Impressum\"}]},{\"@type\":\"WebSite\",\"@id\":\"https:\\\/\\\/ebs.nyt.mybluehost.me\\\/#website\",\"url\":\"https:\\\/\\\/ebs.nyt.mybluehost.me\\\/\",\"name\":\"Viviana Lugnan\",\"description\":\"\",\"potentialAction\":[{\"@type\":\"SearchAction\",\"target\":{\"@type\":\"EntryPoint\",\"urlTemplate\":\"https:\\\/\\\/ebs.nyt.mybluehost.me\\\/?s={search_term_string}\"},\"query-input\":{\"@type\":\"PropertyValueSpecification\",\"valueRequired\":true,\"valueName\":\"search_term_string\"}}],\"inLanguage\":\"it-IT\"}]}<\/script>\n<!-- \/ Yoast SEO plugin. -->","yoast_head_json":{"title":"Impressum - Viviana Lugnan","robots":{"index":"index","follow":"follow","max-snippet":"max-snippet:-1","max-image-preview":"max-image-preview:large","max-video-preview":"max-video-preview:-1"},"canonical":"https:\/\/vivianalugnan.com\/it\/impressum\/","og_locale":"it_IT","og_type":"article","og_title":"Impressum - Viviana Lugnan","og_description":"Impressum Here is the information: ACCORDING TO \u00a7 5 TMG: \u00a0 Viviana Lugnan Amalienstra\u00dfe 71, RGB 2, 80799 Munich, Germany VAT Registration No (Umsatzsteuer-Identifikationsnummer gem\u00e4\u00df \u00a727 a Umsatzsteuergesetz): DE361786150 St-Nr.: 145\/184\/20594 CONTACT: Phone: on request E-Mail: hello@vivianalugnan.com Website: www.vivianalugnan.com Responsible for the content according to \u00a7 55 Abs. 2 RStV: Viviana Lugnan Amalienstra\u00dfe 71, RGB&hellip; Continua a leggere Impressum","og_url":"https:\/\/vivianalugnan.com\/it\/impressum\/","og_site_name":"Viviana Lugnan","article_modified_time":"2023-08-14T12:48:26+00:00","twitter_card":"summary_large_image","twitter_misc":{"Tempo di lettura stimato":"2 minuti"},"schema":{"@context":"https:\/\/schema.org","@graph":[{"@type":"WebPage","@id":"https:\/\/vivianalugnan.com\/impressum\/","url":"https:\/\/vivianalugnan.com\/impressum\/","name":"Impressum - Viviana Lugnan","isPartOf":{"@id":"https:\/\/ebs.nyt.mybluehost.me\/#website"},"datePublished":"2023-07-17T08:25:45+00:00","dateModified":"2023-08-14T12:48:26+00:00","breadcrumb":{"@id":"https:\/\/vivianalugnan.com\/impressum\/#breadcrumb"},"inLanguage":"it-IT","potentialAction":[{"@type":"ReadAction","target":["https:\/\/vivianalugnan.com\/impressum\/"]}]},{"@type":"BreadcrumbList","@id":"https:\/\/vivianalugnan.com\/impressum\/#breadcrumb","itemListElement":[{"@type":"ListItem","position":1,"name":"Home","item":"https:\/\/vivianalugnan.com\/"},{"@type":"ListItem","position":2,"name":"Impressum"}]},{"@type":"WebSite","@id":"https:\/\/ebs.nyt.mybluehost.me\/#website","url":"https:\/\/ebs.nyt.mybluehost.me\/","name":"Viviana Lugnan","description":"","potentialAction":[{"@type":"SearchAction","target":{"@type":"EntryPoint","urlTemplate":"https:\/\/ebs.nyt.mybluehost.me\/?s={search_term_string}"},"query-input":{"@type":"PropertyValueSpecification","valueRequired":true,"valueName":"search_term_string"}}],"inLanguage":"it-IT"}]}},"_links":{"self":[{"href":"https:\/\/vivianalugnan.com\/it\/wp-json\/wp\/v2\/pages\/312","targetHints":{"allow":["GET"]}}],"collection":[{"href":"https:\/\/vivianalugnan.com\/it\/wp-json\/wp\/v2\/pages"}],"about":[{"href":"https:\/\/vivianalugnan.com\/it\/wp-json\/wp\/v2\/types\/page"}],"author":[{"embeddable":true,"href":"https:\/\/vivianalugnan.com\/it\/wp-json\/wp\/v2\/users\/4"}],"replies":[{"embeddable":true,"href":"https:\/\/vivianalugnan.com\/it\/wp-json\/wp\/v2\/comments?post=312"}],"version-history":[{"count":5,"href":"https:\/\/vivianalugnan.com\/it\/wp-json\/wp\/v2\/pages\/312\/revisions"}],"predecessor-version":[{"id":1536,"href":"https:\/\/vivianalugnan.com\/it\/wp-json\/wp\/v2\/pages\/312\/revisions\/1536"}],"wp:attachment":[{"href":"https:\/\/vivianalugnan.com\/it\/wp-json\/wp\/v2\/media?parent=312"}],"curies":[{"name":"wp","href":"https:\/\/api.w.org\/{rel}","templated":true}]}}